{"id":50,"date":"2021-03-09T19:47:29","date_gmt":"2021-03-09T19:47:29","guid":{"rendered":"http:\/\/freibad-bb.de\/?page_id=50"},"modified":"2021-03-09T20:12:37","modified_gmt":"2021-03-09T20:12:37","slug":"we-want-your-cash","status":"publish","type":"page","link":"http:\/\/freibad-bb.de\/?page_id=50","title":{"rendered":"We want your CASH!"},"content":{"rendered":"\n<p>Wir als kleiner Verein mit gro\u00dfer Aufgabe sind nat\u00fcrlich auf Hilfe angewiesen. Meistens auf finanzielle\u00a0\ud83d\ude09 <\/p>\n\n\n\n<p>Wenn Ihr uns unterst\u00fctzen m\u00f6chtet, steht Euch dazu in der Saison eine Spendenbox am Eingang oder am Kiosk zur Verf\u00fcgung. <\/p>\n\n\n\n<div class=\"wp-block-image\"><figure class=\"aligncenter size-large is-resized\"><img loading=\"lazy\" src=\"http:\/\/freibad-bb.de\/wp-content\/uploads\/2021\/03\/b-768x1024.jpg\" alt=\"\" class=\"wp-image-78\" width=\"365\" height=\"486\" srcset=\"http:\/\/freibad-bb.de\/wp-content\/uploads\/2021\/03\/b-768x1024.jpg 768w, http:\/\/freibad-bb.de\/wp-content\/uploads\/2021\/03\/b-225x300.jpg 225w, http:\/\/freibad-bb.de\/wp-content\/uploads\/2021\/03\/b-1152x1536.jpg 1152w, http:\/\/freibad-bb.de\/wp-content\/uploads\/2021\/03\/b-1536x2048.jpg 1536w, http:\/\/freibad-bb.de\/wp-content\/uploads\/2021\/03\/b-scaled.jpg 1920w\" sizes=\"(max-width: 365px) 100vw, 365px\" \/><\/figure><\/div>\n\n\n\n<p><strong>Ganzj\u00e4hrig <\/strong>sind wir f\u00fcr Spenden auf unser Spendenkonto<\/p>\n\n\n\n<p><strong>Kontoinhaber:<\/strong>&nbsp;Freibadverein Bad Blankenburg<\/p>\n\n\n\n<p><strong>IBAN:<\/strong>&nbsp;DE50 8305 0303 0011 0268 20<\/p>\n\n\n\n<p><strong>BIC:<\/strong>&nbsp;HELADEF1SAR<\/p>\n\n\n\n<p>dankbar. Bitte vergesst bei einer \u00dcberweisung &gt; 200 \u20ac Euren Namen und Eure Anschrift nicht, sodass wir Euch eine Spendenquittung senden k\u00f6nnen. F\u00fcr Spenden bis 200 \u20ac reicht dem Finanzamt Euer Kontoauszug als Nachweis.<\/p>\n\n\n\n<p>Vielen Dank f\u00fcr Eure Unterst\u00fctzung!<\/p>\n\n\n\n<p>Ps.: Wir schreiben auch gute Sponsorenvertr\u00e4ge&nbsp;<\/p>\n","protected":false},"excerpt":{"rendered":"<p>Wir als kleiner Verein mit gro\u00dfer Aufgabe sind nat\u00fcrlich auf Hilfe angewiesen. Meistens auf finanzielle\u00a0\ud83d\ude09 Wenn Ihr uns unterst\u00fctzen m\u00f6chtet, steht Euch dazu in der Saison eine Spendenbox am Eingang oder am Kiosk zur Verf\u00fcgung. Ganzj\u00e4hrig sind wir f\u00fcr Spenden auf unser Spendenkonto Kontoinhaber:&nbsp;Freibadverein Bad Blankenburg IBAN:&nbsp;DE50 8305 0303 0011 0268 20 BIC:&nbsp;HELADEF1SAR dankbar. Bitte &hellip; <\/p>\n<p class=\"link-more\"><a href=\"http:\/\/freibad-bb.de\/?page_id=50\" class=\"more-link\"><span class=\"screen-reader-text\">\u201eWe want your CASH!\u201c <\/span>weiterlesen<\/a><\/p>\n","protected":false},"author":1,"featured_media":0,"parent":0,"menu_order":0,"comment_status":"closed","ping_status":"closed","template":"","meta":[],"_links":{"self":[{"href":"http:\/\/freibad-bb.de\/index.php?rest_route=\/wp\/v2\/pages\/50"}],"collection":[{"href":"http:\/\/freibad-bb.de\/index.php?rest_route=\/wp\/v2\/pages"}],"about":[{"href":"http:\/\/freibad-bb.de\/index.php?rest_route=\/wp\/v2\/types\/page"}],"author":[{"embeddable":true,"href":"http:\/\/freibad-bb.de\/index.php?rest_route=\/wp\/v2\/users\/1"}],"replies":[{"embeddable":true,"href":"http:\/\/freibad-bb.de\/index.php?rest_route=%2Fwp%2Fv2%2Fcomments&post=50"}],"version-history":[{"count":3,"href":"http:\/\/freibad-bb.de\/index.php?rest_route=\/wp\/v2\/pages\/50\/revisions"}],"predecessor-version":[{"id":80,"href":"http:\/\/freibad-bb.de\/index.php?rest_route=\/wp\/v2\/pages\/50\/revisions\/80"}],"wp:attachment":[{"href":"http:\/\/freibad-bb.de\/index.php?rest_route=%2Fwp%2Fv2%2Fmedia&parent=50"}],"curies":[{"name":"wp","href":"https:\/\/api.w.org\/{rel}","templated":true}]}}