{"id":36,"date":"2021-03-09T19:43:05","date_gmt":"2021-03-09T19:43:05","guid":{"rendered":"http:\/\/freibad-bb.de\/?page_id=36"},"modified":"2023-04-14T13:38:24","modified_gmt":"2023-04-14T13:38:24","slug":"freibad-team","status":"publish","type":"page","link":"http:\/\/freibad-bb.de\/?page_id=36","title":{"rendered":"Freibad? Team!"},"content":{"rendered":"\n<ul><li>12.000 Quadratmeter Fl\u00e4che,<\/li><li>drei Becken,<\/li><li>drei Geb\u00e4ude,<\/li><li>Sanit\u00e4reinrichtungen,<\/li><li>Fl\u00e4chen-, Pump- und F\u00f6rdertechnik,<\/li><li>Chemie,<\/li><li>Uffpasse!,<\/li><li>putzen, fegen, sammeln, putzen, streichen, bauen, ach und putzen<\/li><li>Kasse,<\/li><li>Kiosk,<\/li><li>Verwaltung,<\/li><li>Fortbildung, \u2026<\/li><\/ul>\n\n\n\n<p>macht bei uns eigentlich nur einer alleine. Halbtags versteht sich, und das auch nur am Dienstag der ungeraden Wochen. Wenn es nicht regnet.<\/p>\n\n\n\n<p>Spa\u00df (leider) beiseite. Wir sind die unsichtbaren und sichtbaren knappen 15 Aktiven, die das Bad Jahr f\u00fcr Jahr so \u201ehinstellen\u201c, dass ihr Euch wohlf\u00fchlt und wir ruhig schlafen.<\/p>\n\n\n\n<p>Wenn Ihr uns ab ca. 10.30 Uhr besucht, habt Ihr zuerst Kontakt zur&nbsp;<strong>Kassentruppe<\/strong>. Die Unersetzbaren, die&nbsp;<strong>Peters<\/strong>,&nbsp;<strong>Ulis<\/strong>&nbsp;und&nbsp;<strong>Ritas&nbsp;<\/strong>dieser Welt, die im Sommer \u00fcberwintern. Also dort unterm Sonnenschirm. Irgendwo in der N\u00e4he sollten sich idealerweise unsere Rettungsschwimmer&nbsp;<strong>Dirk und Walter<\/strong>&nbsp;aufhalten. Sie wachen (auch ein\u00e4ugig im Schlaf) \u00fcber Euch, also seid lieb!<\/p>\n\n\n\n<div class=\"wp-block-image\"><figure class=\"aligncenter size-large\"><img loading=\"lazy\" width=\"621\" height=\"1024\" src=\"http:\/\/freibad-bb.de\/wp-content\/uploads\/2021\/03\/c-621x1024.jpg\" alt=\"\" class=\"wp-image-37\" srcset=\"http:\/\/freibad-bb.de\/wp-content\/uploads\/2021\/03\/c-621x1024.jpg 621w, http:\/\/freibad-bb.de\/wp-content\/uploads\/2021\/03\/c-182x300.jpg 182w, http:\/\/freibad-bb.de\/wp-content\/uploads\/2021\/03\/c-768x1267.jpg 768w, http:\/\/freibad-bb.de\/wp-content\/uploads\/2021\/03\/c-931x1536.jpg 931w, http:\/\/freibad-bb.de\/wp-content\/uploads\/2021\/03\/c.jpg 1125w\" sizes=\"(max-width: 621px) 100vw, 621px\" \/><\/figure><\/div>\n\n\n\n<p>Etwas weiter entfernt k\u00f6nnten diese beiden Nasen Euren Weg kreuzen.<\/p>\n\n\n\n<figure class=\"wp-block-image size-large\"><img loading=\"lazy\" width=\"1024\" height=\"768\" src=\"http:\/\/freibad-bb.de\/wp-content\/uploads\/2021\/03\/a-1024x768.jpg\" alt=\"\" class=\"wp-image-38\" srcset=\"http:\/\/freibad-bb.de\/wp-content\/uploads\/2021\/03\/a-1024x768.jpg 1024w, http:\/\/freibad-bb.de\/wp-content\/uploads\/2021\/03\/a-300x225.jpg 300w, http:\/\/freibad-bb.de\/wp-content\/uploads\/2021\/03\/a-768x576.jpg 768w, http:\/\/freibad-bb.de\/wp-content\/uploads\/2021\/03\/a-1536x1152.jpg 1536w, http:\/\/freibad-bb.de\/wp-content\/uploads\/2021\/03\/a-2048x1536.jpg 2048w\" sizes=\"(max-width: 767px) 89vw, (max-width: 1000px) 54vw, (max-width: 1071px) 543px, 580px\" \/><\/figure>\n\n\n\n<p><strong>R\u00fcdiger<\/strong>&nbsp;und&nbsp;<strong>Michael&nbsp;<\/strong>sind die eierlegenden Wollmilchs\u00e4ue aus dem hochspezialisierten Fachbereich \u201eAlles\u201c. Wobei der eine erst richtig warm wird, wenn das letzte Blatt entfernt, die letzte Schraube nachgezogen ist, nebenbei 26 B\u00e4nke auf Hochglanz lasiert sind und alle Kundenwege keimfrei gl\u00e4nzen \u2013 ach ja, und der andere in seinem nat\u00fcrlichen Habitat an der Fritteuse jongliert. Oder den Rasen m\u00e4ht. Oder irgendwo irgendwas buddelt. Oder anschraubt. Aber nicht\u2026\u2026. wirklich niemals schwimmt.<\/p>\n\n\n\n<p>Die kaufm\u00e4nnischen Geschicke lenkt \u00fcblicherweise der Vorstand. Da machen wir ausnahmsweise keine Ausnahme. <\/p>\n\n\n\n<figure class=\"wp-block-image size-large\"><img loading=\"lazy\" width=\"1024\" height=\"683\" src=\"http:\/\/freibad-bb.de\/wp-content\/uploads\/2021\/03\/20190317-Freie-Waehler-BB-0080-1024x683.jpg\" alt=\"\" class=\"wp-image-40\" srcset=\"http:\/\/freibad-bb.de\/wp-content\/uploads\/2021\/03\/20190317-Freie-Waehler-BB-0080-1024x683.jpg 1024w, http:\/\/freibad-bb.de\/wp-content\/uploads\/2021\/03\/20190317-Freie-Waehler-BB-0080-300x200.jpg 300w, http:\/\/freibad-bb.de\/wp-content\/uploads\/2021\/03\/20190317-Freie-Waehler-BB-0080-768x512.jpg 768w, http:\/\/freibad-bb.de\/wp-content\/uploads\/2021\/03\/20190317-Freie-Waehler-BB-0080-1536x1024.jpg 1536w, http:\/\/freibad-bb.de\/wp-content\/uploads\/2021\/03\/20190317-Freie-Waehler-BB-0080-2048x1365.jpg 2048w\" sizes=\"(max-width: 767px) 89vw, (max-width: 1000px) 54vw, (max-width: 1071px) 543px, 580px\" \/><\/figure>\n\n\n\n<p>Hier werden Pl\u00e4ne geschmiedet, Excel gequ\u00e4lt, M\u00f6glichkeiten abgeklopft und Sponsoren sondiert, Personal geplant und in der Pause beim Eis mit Zahlen jongliert. Auch im Winter, weil Eis geht immer!<\/p>\n\n\n\n<p>Nichts. Aber auch mal so gar nichts w\u00fcrde allerdings ohne die Fanbase und die Mitglieder die so gar keine Lust auf \u00d6ffentlichkeit haben funktionieren. Ohne die dritte Hand am Laubbesen geht wenig und gerade im Herbst und Winter \u2013 wenn niemand freiwillig an ein Freibad denkt, sind sie da. Mit Herz und ohne Zeitdruck.<\/p>\n\n\n\n<p>Reingestolpert sind wir alle \u00fcbrigens irgendwie \u00fcber zwei pr\u00e4gende und omnipr\u00e4sente Damen. Zum Einen&nbsp;<strong>Frau Dr. Ursula Gro\u00dfe<\/strong>, die es nicht akzeptieren wollte, dass die Stadt aus Gr\u00fcnden der Klammheit \u201eihr\u201c Freibad schlie\u00dft um kurzerhand einen Betreiberverein zu gr\u00fcnden und so die Rettung desselben initiierte.<\/p>\n\n\n\n<p>Zum Anderen \u00fcber&nbsp;<strong>Frau Gisela Prang<\/strong>&nbsp;welche nach \u00dcbernahme des Vereinsvorsitzes von Frau Dr. Gro\u00dfe die Vereinsgesch\u00e4fte neben Ihrer T\u00e4tigkeit als Gesch\u00e4ftsf\u00fchrerin eines Weiterbildungsunternehmens, Stadtr\u00e4tin und Chefin des Tierheims Pflanzwirbach \u00fcber das 100j\u00e4hrige Jubil\u00e4um des Freibades bis zu ihrem Tod Ende 2020 fortf\u00fchrte.<\/p>\n\n\n\n<p>Beiden Damen ist unser Dank und Respekt ausgesprochen. Nicht nur f\u00fcr den beschrittenen, oft stolprigen Weg. Vielmehr f\u00fcr die Vision und auch die Werte die sie uns mitgegeben haben.<\/p>\n","protected":false},"excerpt":{"rendered":"<p>12.000 Quadratmeter Fl\u00e4che, drei Becken, drei Geb\u00e4ude, Sanit\u00e4reinrichtungen, Fl\u00e4chen-, Pump- und F\u00f6rdertechnik, Chemie, Uffpasse!, putzen, fegen, sammeln, putzen, streichen, bauen, ach und putzen Kasse, Kiosk, Verwaltung, Fortbildung, \u2026 macht bei uns eigentlich nur einer alleine. Halbtags versteht sich, und das auch nur am Dienstag der ungeraden Wochen. Wenn es nicht regnet. Spa\u00df (leider) beiseite. Wir &hellip; <\/p>\n<p class=\"link-more\"><a href=\"http:\/\/freibad-bb.de\/?page_id=36\" class=\"more-link\"><span class=\"screen-reader-text\">\u201eFreibad? Team!\u201c <\/span>weiterlesen<\/a><\/p>\n","protected":false},"author":1,"featured_media":0,"parent":0,"menu_order":0,"comment_status":"closed","ping_status":"closed","template":"","meta":[],"_links":{"self":[{"href":"http:\/\/freibad-bb.de\/index.php?rest_route=\/wp\/v2\/pages\/36"}],"collection":[{"href":"http:\/\/freibad-bb.de\/index.php?rest_route=\/wp\/v2\/pages"}],"about":[{"href":"http:\/\/freibad-bb.de\/index.php?rest_route=\/wp\/v2\/types\/page"}],"author":[{"embeddable":true,"href":"http:\/\/freibad-bb.de\/index.php?rest_route=\/wp\/v2\/users\/1"}],"replies":[{"embeddable":true,"href":"http:\/\/freibad-bb.de\/index.php?rest_route=%2Fwp%2Fv2%2Fcomments&post=36"}],"version-history":[{"count":2,"href":"http:\/\/freibad-bb.de\/index.php?rest_route=\/wp\/v2\/pages\/36\/revisions"}],"predecessor-version":[{"id":184,"href":"http:\/\/freibad-bb.de\/index.php?rest_route=\/wp\/v2\/pages\/36\/revisions\/184"}],"wp:attachment":[{"href":"http:\/\/freibad-bb.de\/index.php?rest_route=%2Fwp%2Fv2%2Fmedia&parent=36"}],"curies":[{"name":"wp","href":"https:\/\/api.w.org\/{rel}","templated":true}]}}