{"id":14,"date":"2021-03-09T19:40:28","date_gmt":"2021-03-09T19:40:28","guid":{"rendered":"http:\/\/freibad-bb.de\/?page_id=14"},"modified":"2021-09-28T17:40:55","modified_gmt":"2021-09-28T17:40:55","slug":"ueber-uns","status":"publish","type":"page","link":"http:\/\/freibad-bb.de\/?page_id=14","title":{"rendered":"\u00dcber uns"},"content":{"rendered":"\n<p>Wer sind wir eigentlich?<\/p>\n\n\n\n<p>Naja, wir sind ein kleiner Verein mit ca. 30 Mitgliedern, der es sich zur Aufgabe gemacht haben, der Stadt das Freibad zu erhalten. Deswegen wuseln wir ganzj\u00e4hrig \u00fcber das Gel\u00e4nde, um Euch und Euren Kindern im Sommer einen tollen Platz zum sicheren entspannen und \u201esein\u201c zu bieten.<\/p>\n\n\n\n<p>Die Basis ist immer das Bad, das wir kontinuierlich weiterentwickeln um f\u00fcr Euch ansprechend zu sein. Hier bauen wir Spielpl\u00e4tze, einen Grillplatz, versetzen Berge und t\u00fcfteln an der Currysauce. Wir probieren aber auch noch viel aus\u2026wie beispielsweise unsere Cocktailparty, oder das Weihnachtsbaumverbrennen, auch einfach um herauszufinden, was Euch Spa\u00df macht.<\/p>\n\n\n\n<p>Der tollste Ort im Sommer sind wir ja eh. Hier findet Ihr ein paar Infos, Bilder, News; analog oder erg\u00e4nzend zu unserer Facebook Seite. Schaut gern auch dort vorbei, liked uns, besucht uns, wir freuen uns!<\/p>\n","protected":false},"excerpt":{"rendered":"<p>Wer sind wir eigentlich? Naja, wir sind ein kleiner Verein mit ca. 30 Mitgliedern, der es sich zur Aufgabe gemacht haben, der Stadt das Freibad zu erhalten. Deswegen wuseln wir ganzj\u00e4hrig \u00fcber das Gel\u00e4nde, um Euch und Euren Kindern im Sommer einen tollen Platz zum sicheren entspannen und \u201esein\u201c zu bieten. Die Basis ist immer &hellip; <\/p>\n<p class=\"link-more\"><a href=\"http:\/\/freibad-bb.de\/?page_id=14\" class=\"more-link\"><span class=\"screen-reader-text\">\u201e\u00dcber uns\u201c <\/span>weiterlesen<\/a><\/p>\n","protected":false},"author":1,"featured_media":0,"parent":0,"menu_order":0,"comment_status":"closed","ping_status":"closed","template":"","meta":[],"_links":{"self":[{"href":"http:\/\/freibad-bb.de\/index.php?rest_route=\/wp\/v2\/pages\/14"}],"collection":[{"href":"http:\/\/freibad-bb.de\/index.php?rest_route=\/wp\/v2\/pages"}],"about":[{"href":"http:\/\/freibad-bb.de\/index.php?rest_route=\/wp\/v2\/types\/page"}],"author":[{"embeddable":true,"href":"http:\/\/freibad-bb.de\/index.php?rest_route=\/wp\/v2\/users\/1"}],"replies":[{"embeddable":true,"href":"http:\/\/freibad-bb.de\/index.php?rest_route=%2Fwp%2Fv2%2Fcomments&post=14"}],"version-history":[{"count":3,"href":"http:\/\/freibad-bb.de\/index.php?rest_route=\/wp\/v2\/pages\/14\/revisions"}],"predecessor-version":[{"id":157,"href":"http:\/\/freibad-bb.de\/index.php?rest_route=\/wp\/v2\/pages\/14\/revisions\/157"}],"wp:attachment":[{"href":"http:\/\/freibad-bb.de\/index.php?rest_route=%2Fwp%2Fv2%2Fmedia&parent=14"}],"curies":[{"name":"wp","href":"https:\/\/api.w.org\/{rel}","templated":true}]}}